{"id":5,"date":"2018-04-24T03:39:03","date_gmt":"2018-04-24T01:39:03","guid":{"rendered":"http:\/\/calm.fr\/?page_id=5"},"modified":"2025-11-17T11:15:04","modified_gmt":"2025-11-17T10:15:04","slug":"home","status":"publish","type":"page","link":"https:\/\/calm.fr\/fr\/","title":{"rendered":"Home"},"content":{"rendered":"","protected":false},"excerpt":{"rendered":"","protected":false},"author":1,"featured_media":0,"parent":0,"menu_order":0,"comment_status":"closed","ping_status":"closed","template":"page_HOME.php","meta":[],"yoast_head":"<!-- This site is optimized with the Yoast SEO plugin v16.4 - https:\/\/yoast.com\/wordpress\/plugins\/seo\/ -->\n<title>Calm<\/title>\n<meta name=\"description\" content=\"Bas\u00e9e \u00e0 Paris dans le Marais, Calm est une soci\u00e9t\u00e9 de production cr\u00e9ative aux multiples champs d\u2019action : Court et Long-m\u00e9trages, Documentaires, Publicit\u00e9s, Prints, Clips et Films projet\u00e9s live sur tout supports (b\u00e2timents architecturaux, \u00e9crans g\u00e9ants\u2026.).\" \/>\n<meta name=\"robots\" content=\"index, follow, max-snippet:-1, max-image-preview:large, max-video-preview:-1\" \/>\n<link rel=\"canonical\" href=\"https:\/\/calm.fr\/\" \/>\n<meta property=\"og:locale\" content=\"fr_FR\" \/>\n<meta property=\"og:type\" content=\"article\" \/>\n<meta property=\"og:title\" content=\"Calm\" \/>\n<meta property=\"og:description\" content=\"Bas\u00e9e \u00e0 Paris dans le Marais, Calm est une soci\u00e9t\u00e9 de production cr\u00e9ative aux multiples champs d\u2019action : Court et Long-m\u00e9trages, Documentaires, Publicit\u00e9s, Prints, Clips et Films projet\u00e9s live sur tout supports (b\u00e2timents architecturaux, \u00e9crans g\u00e9ants\u2026.).\" \/>\n<meta property=\"og:url\" content=\"https:\/\/calm.fr\/\" \/>\n<meta property=\"og:site_name\" content=\"Calm\" \/>\n<meta property=\"article:modified_time\" content=\"2025-11-17T10:15:04+00:00\" \/>\n<meta name=\"twitter:card\" content=\"summary_large_image\" \/>\n<script type=\"application\/ld+json\" class=\"yoast-schema-graph\">{\"@context\":\"https:\/\/schema.org\",\"@graph\":[{\"@type\":\"WebSite\",\"@id\":\"https:\/\/calm.fr\/#website\",\"url\":\"https:\/\/calm.fr\/\",\"name\":\"Calm\",\"description\":\"Bas\\u00e9e \\u00e0 Paris dans le Marais, Calm est une soci\\u00e9t\\u00e9 de production cr\\u00e9ative aux multiples champs d\\u2019action : Court et Long-m\\u00e9trages, Documentaires, Publicit\\u00e9s, Prints, Clips et Films projet\\u00e9s live sur tout supports (b\\u00e2timents architecturaux, \\u00e9crans g\\u00e9ants\\u2026.).\",\"potentialAction\":[{\"@type\":\"SearchAction\",\"target\":\"https:\/\/calm.fr\/?s={search_term_string}\",\"query-input\":\"required name=search_term_string\"}],\"inLanguage\":\"fr-FR\"},{\"@type\":\"WebPage\",\"@id\":\"https:\/\/calm.fr\/#webpage\",\"url\":\"https:\/\/calm.fr\/\",\"name\":\"Calm\",\"isPartOf\":{\"@id\":\"https:\/\/calm.fr\/#website\"},\"datePublished\":\"2018-04-24T01:39:03+00:00\",\"dateModified\":\"2025-11-17T10:15:04+00:00\",\"description\":\"Bas\\u00e9e \\u00e0 Paris dans le Marais, Calm est une soci\\u00e9t\\u00e9 de production cr\\u00e9ative aux multiples champs d\\u2019action : Court et Long-m\\u00e9trages, Documentaires, Publicit\\u00e9s, Prints, Clips et Films projet\\u00e9s live sur tout supports (b\\u00e2timents architecturaux, \\u00e9crans g\\u00e9ants\\u2026.).\",\"breadcrumb\":{\"@id\":\"https:\/\/calm.fr\/#breadcrumb\"},\"inLanguage\":\"fr-FR\",\"potentialAction\":[{\"@type\":\"ReadAction\",\"target\":[\"https:\/\/calm.fr\/\"]}]},{\"@type\":\"BreadcrumbList\",\"@id\":\"https:\/\/calm.fr\/#breadcrumb\",\"itemListElement\":[{\"@type\":\"ListItem\",\"position\":1,\"item\":{\"@id\":\"https:\/\/calm.fr\/#webpage\"}}]}]}<\/script>\n<!-- \/ Yoast SEO plugin. -->","_links":{"self":[{"href":"https:\/\/calm.fr\/fr\/wp-json\/wp\/v2\/pages\/5"}],"collection":[{"href":"https:\/\/calm.fr\/fr\/wp-json\/wp\/v2\/pages"}],"about":[{"href":"https:\/\/calm.fr\/fr\/wp-json\/wp\/v2\/types\/page"}],"author":[{"embeddable":true,"href":"https:\/\/calm.fr\/fr\/wp-json\/wp\/v2\/users\/1"}],"replies":[{"embeddable":true,"href":"https:\/\/calm.fr\/fr\/wp-json\/wp\/v2\/comments?post=5"}],"version-history":[{"count":77,"href":"https:\/\/calm.fr\/fr\/wp-json\/wp\/v2\/pages\/5\/revisions"}],"predecessor-version":[{"id":3180,"href":"https:\/\/calm.fr\/fr\/wp-json\/wp\/v2\/pages\/5\/revisions\/3180"}],"wp:attachment":[{"href":"https:\/\/calm.fr\/fr\/wp-json\/wp\/v2\/media?parent=5"}],"curies":[{"name":"wp","href":"https:\/\/api.w.org\/{rel}","templated":true}]}}