{"id":97,"date":"2018-06-01T16:32:08","date_gmt":"2018-06-01T14:32:08","guid":{"rendered":"http:\/\/calm.fr\/new_website\/?page_id=97"},"modified":"2025-11-17T17:40:07","modified_gmt":"2025-11-17T16:40:07","slug":"about","status":"publish","type":"page","link":"https:\/\/calm.fr\/fr\/about\/","title":{"rendered":"Contact"},"content":{"rendered":"<p><\/p>\n<h1>\u00c0 Propos<\/h1>\n<p>Calm est une soci\u00e9t\u00e9 ind\u00e9pendante de production cin\u00e9matographique et audiovisuelle aux multiples champs d\u2019action\u00a0: court et long m\u00e9trage, documentaire, film d\u2019art, publicit\u00e9 et clip\u2026<\/p>\n<p>Calm a la volont\u00e9 de d\u00e9passer les clivages et de mettre en \u0153uvre des projets audacieux quels que soient les supports, les modes de diffusion, les techniques. Il s\u2019agit avant tout de d\u00e9velopper, d\u2019accompagner, de produire et de valoriser ainsi le travail d\u2019un auteur, d\u2019un cr\u00e9ateur, d\u2019un artiste.<\/p>\n<p>Sp\u00e9cialis\u00e9e depuis sa cr\u00e9ation dans la production de contenus innovants, Calm a ainsi produit\u00a0:<\/p>\n<ul>\n<p style=\"margin-bottom:XXpx;\">\n<li>Une collection de documentaires sur la peinture \u00abConnexions\u00bb pour France T\u00e9l\u00e9visions mettant en perspective deux artistes, deux \u0153uvres dans le contexte de leur \u00e9poque.<\/li>\n<p style=\"margin-bottom:XXpx;\">\n<li>des films d\u2019art tels que \u00abSong for David\u00bb, projet\u00e9 sur les remparts du Mus\u00e9e de la Tour de David \u00e0 J\u00e9rusalem<\/li>\n<p style=\"margin-bottom:XXpx;\">\n<li>des projections sc\u00e9nographiques telles que \u00ab Myl\u00e8ne Farmer \u00e0 Paris La D\u00e9fense Arena\u00bb ainsi que des clips pour de nombreux artistes.<\/li>\n<\/ul>\n<p style=\"margin-bottom:XXpx;\">\n<p style=\"margin-bottom:XXpx;\">\n<p style=\"margin-bottom:XXpx;\">\n<p><\/p>","protected":false},"excerpt":{"rendered":"<p>\u00c0 Propos Calm est une soci\u00e9t\u00e9 ind\u00e9pendante de production cin\u00e9matographique et audiovisuelle aux multiples champs d\u2019action\u00a0: court et long m\u00e9trage, documentaire, film d\u2019art, publicit\u00e9 et clip\u2026 Calm a la volont\u00e9 de d\u00e9passer les clivages et de mettre en \u0153uvre des projets audacieux quels que soient les supports, les modes de diffusion, les techniques. Il s\u2019agit [&hellip;]<\/p>\n","protected":false},"author":1,"featured_media":250,"parent":0,"menu_order":0,"comment_status":"closed","ping_status":"closed","template":"page_ABOUT.php","meta":[],"yoast_head":"<!-- This site is optimized with the Yoast SEO plugin v16.4 - https:\/\/yoast.com\/wordpress\/plugins\/seo\/ -->\n<title>Contact - Calm<\/title>\n<meta name=\"robots\" content=\"index, nofollow, max-snippet:-1, max-image-preview:large, max-video-preview:-1\" \/>\n<link rel=\"canonical\" href=\"https:\/\/calm.fr\/fr\/about\/\" \/>\n<meta property=\"og:locale\" content=\"fr_FR\" \/>\n<meta property=\"og:type\" content=\"article\" \/>\n<meta property=\"og:title\" content=\"Contact - Calm\" \/>\n<meta property=\"og:description\" content=\"\u00c0 Propos Calm est une soci\u00e9t\u00e9 ind\u00e9pendante de production cin\u00e9matographique et audiovisuelle aux multiples champs d\u2019action\u00a0: court et long m\u00e9trage, documentaire, film d\u2019art, publicit\u00e9 et clip\u2026 Calm a la volont\u00e9 de d\u00e9passer les clivages et de mettre en \u0153uvre des projets audacieux quels que soient les supports, les modes de diffusion, les techniques. Il s\u2019agit [&hellip;]\" \/>\n<meta property=\"og:url\" content=\"https:\/\/calm.fr\/fr\/about\/\" \/>\n<meta property=\"og:site_name\" content=\"Calm\" \/>\n<meta property=\"article:modified_time\" content=\"2025-11-17T16:40:07+00:00\" \/>\n<meta name=\"twitter:card\" content=\"summary_large_image\" \/>\n<meta name=\"twitter:image\" content=\"https:\/\/calm.fr\/new_website\/wp-content\/uploads\/bleucalm_4.jpg\" \/>\n<meta name=\"twitter:label1\" content=\"Dur\u00e9e de lecture est.\" \/>\n\t<meta name=\"twitter:data1\" content=\"1 minute\" \/>\n<script type=\"application\/ld+json\" class=\"yoast-schema-graph\">{\"@context\":\"https:\/\/schema.org\",\"@graph\":[{\"@type\":\"WebSite\",\"@id\":\"https:\/\/calm.fr\/#website\",\"url\":\"https:\/\/calm.fr\/\",\"name\":\"Calm\",\"description\":\"Bas\\u00e9e \\u00e0 Paris dans le Marais, Calm est une soci\\u00e9t\\u00e9 de production cr\\u00e9ative aux multiples champs d\\u2019action : Court et Long-m\\u00e9trages, Documentaires, Publicit\\u00e9s, Prints, Clips et Films projet\\u00e9s live sur tout supports (b\\u00e2timents architecturaux, \\u00e9crans g\\u00e9ants\\u2026.).\",\"potentialAction\":[{\"@type\":\"SearchAction\",\"target\":\"https:\/\/calm.fr\/?s={search_term_string}\",\"query-input\":\"required name=search_term_string\"}],\"inLanguage\":\"fr-FR\"},{\"@type\":\"ImageObject\",\"@id\":\"https:\/\/calm.fr\/fr\/about\/#primaryimage\",\"inLanguage\":\"fr-FR\",\"url\":\"https:\/\/calm.fr\/new_website\/wp-content\/uploads\/bleucalm_4.jpg\",\"contentUrl\":\"https:\/\/calm.fr\/new_website\/wp-content\/uploads\/bleucalm_4.jpg\"},{\"@type\":\"WebPage\",\"@id\":\"https:\/\/calm.fr\/fr\/about\/#webpage\",\"url\":\"https:\/\/calm.fr\/fr\/about\/\",\"name\":\"[:fr]Contact[:en]About[:] - Calm\",\"isPartOf\":{\"@id\":\"https:\/\/calm.fr\/#website\"},\"primaryImageOfPage\":{\"@id\":\"https:\/\/calm.fr\/fr\/about\/#primaryimage\"},\"datePublished\":\"2018-06-01T14:32:08+00:00\",\"dateModified\":\"2025-11-17T16:40:07+00:00\",\"breadcrumb\":{\"@id\":\"https:\/\/calm.fr\/fr\/about\/#breadcrumb\"},\"inLanguage\":\"fr-FR\",\"potentialAction\":[{\"@type\":\"ReadAction\",\"target\":[\"https:\/\/calm.fr\/fr\/about\/\"]}]},{\"@type\":\"BreadcrumbList\",\"@id\":\"https:\/\/calm.fr\/fr\/about\/#breadcrumb\",\"itemListElement\":[{\"@type\":\"ListItem\",\"position\":1,\"item\":{\"@id\":\"https:\/\/calm.fr\/fr\/about\/#webpage\"}}]}]}<\/script>\n<!-- \/ Yoast SEO plugin. -->","_links":{"self":[{"href":"https:\/\/calm.fr\/fr\/wp-json\/wp\/v2\/pages\/97"}],"collection":[{"href":"https:\/\/calm.fr\/fr\/wp-json\/wp\/v2\/pages"}],"about":[{"href":"https:\/\/calm.fr\/fr\/wp-json\/wp\/v2\/types\/page"}],"author":[{"embeddable":true,"href":"https:\/\/calm.fr\/fr\/wp-json\/wp\/v2\/users\/1"}],"replies":[{"embeddable":true,"href":"https:\/\/calm.fr\/fr\/wp-json\/wp\/v2\/comments?post=97"}],"version-history":[{"count":53,"href":"https:\/\/calm.fr\/fr\/wp-json\/wp\/v2\/pages\/97\/revisions"}],"predecessor-version":[{"id":3188,"href":"https:\/\/calm.fr\/fr\/wp-json\/wp\/v2\/pages\/97\/revisions\/3188"}],"wp:featuredmedia":[{"embeddable":true,"href":"https:\/\/calm.fr\/fr\/wp-json\/wp\/v2\/media\/250"}],"wp:attachment":[{"href":"https:\/\/calm.fr\/fr\/wp-json\/wp\/v2\/media?parent=97"}],"curies":[{"name":"wp","href":"https:\/\/api.w.org\/{rel}","templated":true}]}}